{"id":2887,"date":"2024-07-05T22:39:46","date_gmt":"2024-07-05T22:39:46","guid":{"rendered":"https:\/\/montanadeluzec.com\/?page_id=2887"},"modified":"2025-11-28T15:38:10","modified_gmt":"2025-11-28T15:38:10","slug":"jardin-botanico","status":"publish","type":"page","link":"https:\/\/montanadeluzec.com\/?page_id=2887","title":{"rendered":"Jard\u00edn Bot\u00e1nico"},"content":{"rendered":"\t\t<div data-elementor-type=\"wp-page\" data-elementor-id=\"2887\" class=\"elementor elementor-2887\" data-elementor-post-type=\"page\">\r\n\t\t\t\t\t\t<section class=\"elementor-section elementor-top-section elementor-element elementor-element-3a1d955 elementor-section-boxed elementor-section-height-default elementor-section-height-default\" data-id=\"3a1d955\" data-element_type=\"section\">\r\n\t\t\t\t\t\t<div class=\"elementor-container elementor-column-gap-default\">\r\n\t\t\t\t\t<div class=\"elementor-column elementor-col-50 elementor-top-column elementor-element elementor-element-67efdf2\" data-id=\"67efdf2\" data-element_type=\"column\">\r\n\t\t\t<div class=\"elementor-widget-wrap elementor-element-populated\">\r\n\t\t\t\t\t\t<div class=\"elementor-element elementor-element-12915c3 elementor-invisible elementor-widget elementor-widget-text-editor\" data-id=\"12915c3\" data-element_type=\"widget\" data-settings=\"{&quot;_animation&quot;:&quot;slideInLeft&quot;}\" data-widget_type=\"text-editor.default\">\r\n\t\t\t\t<div class=\"elementor-widget-container\">\r\n\t\t\t\t\t\t\t\t\t<h2>Jard\u00edn Bot\u00e1nico: refugio de Vida Silvestre<\/h2><p>En tiempos de calentamiento global, desertificaci\u00f3n, y alta contaminaci\u00f3n ambiental, el proyecto Monta\u00f1a de Luz emerge como un faro, una gu\u00eda en el camino: una propuesta de forestaci\u00f3n y reforestaci\u00f3n de aproximadamente 40 hect\u00e1reas.<\/p><p>El \u00a0cultivo org\u00e1nico en 13 de ellas, distribuidas en bellos jardines tem\u00e1ticos, as\u00ed como en huertos hort\u00edcolas y frut\u00edcolas, nos convierte en una comunidad respetuosa de la \u00abPachamama\u00bb, con un cultivo y producci\u00f3n amigables con el ambiente y basados en la sostenibilidad responsable.<\/p><p>Nuestra propuesta paisajista incluye m\u00e1s de 570 buganvillas o veraneras de distintos colores, m\u00e1s de 350 araucarias, 340 jacarandas, 300 palmas de cera, 220 arupos, 120 cipreses vela, 85 calistemos, 50 ceibos, 50 tulipanes.<\/p><p>En el \u00e1rea frut\u00edcola sobresalen 700 \u00e1rboles de lim\u00f3n, 685 \u00e1rboles de mandarina, 550 de aguacates, 520 de chirimoya, 410 de naranja, 350 cafetos, 18 olivos, entre otros.<\/p><p>Somos el hogar de m\u00e1s de un millar de orqu\u00eddeas, albergadas en un espacio en el que se construy\u00f3 una original pileta de bamb\u00fa, que esparce agua desde las alturas, a fin de mantener la humedad que requieren para su buen desarrollo.<\/p><p>Las 20 hect\u00e1reas no reforestadas de la Monta\u00f1a, son bosques secundarios enriquecidos, es decir: espacios donde la flora propia del lugar se abre paso. Esta zona se ha enriquecido con variedades significativas como 150 molles, 50 ciruelos, 50 tulipanes, 35 nogales o toctes, 25 capul\u00edes, entre otros.<\/p><p>Esta exuberancia en flora ha propiciado que la fauna de Monta\u00f1a de Luz se recupere y enriquezca. La variedad de aves -entre las que sobresalen los colibr\u00edes-, as\u00ed como las ranas y\/o sapos las liebres y\/o conejos de monte nos deleitan con su vuelo, o su caminar pausado.<\/p><p>Todo ello hace de Monta\u00f1a de Luz un lugar de encuentro, de convivencia armoniosa, de paz y de extraordinaria belleza<\/p>\t\t\t\t\t\t\t\t<\/div>\r\n\t\t\t\t<\/div>\r\n\t\t\t\t\t<\/div>\r\n\t\t<\/div>\r\n\t\t\t\t<div class=\"elementor-column elementor-col-50 elementor-top-column elementor-element elementor-element-e19845f\" data-id=\"e19845f\" data-element_type=\"column\">\r\n\t\t\t<div class=\"elementor-widget-wrap elementor-element-populated\">\r\n\t\t\t\t\t\t<div class=\"elementor-element elementor-element-a028742 elementor-widget elementor-widget-gallery\" data-id=\"a028742\" data-element_type=\"widget\" data-settings=\"{&quot;gallery_layout&quot;:&quot;justified&quot;,&quot;lazyload&quot;:&quot;yes&quot;,&quot;ideal_row_height&quot;:{&quot;unit&quot;:&quot;px&quot;,&quot;size&quot;:200,&quot;sizes&quot;:[]},&quot;ideal_row_height_tablet&quot;:{&quot;unit&quot;:&quot;px&quot;,&quot;size&quot;:150,&quot;sizes&quot;:[]},&quot;ideal_row_height_mobile&quot;:{&quot;unit&quot;:&quot;px&quot;,&quot;size&quot;:150,&quot;sizes&quot;:[]},&quot;gap&quot;:{&quot;unit&quot;:&quot;px&quot;,&quot;size&quot;:10,&quot;sizes&quot;:[]},&quot;gap_tablet&quot;:{&quot;unit&quot;:&quot;px&quot;,&quot;size&quot;:10,&quot;sizes&quot;:[]},&quot;gap_mobile&quot;:{&quot;unit&quot;:&quot;px&quot;,&quot;size&quot;:10,&quot;sizes&quot;:[]},&quot;link_to&quot;:&quot;file&quot;,&quot;overlay_background&quot;:&quot;yes&quot;,&quot;content_hover_animation&quot;:&quot;fade-in&quot;}\" data-widget_type=\"gallery.default\">\r\n\t\t\t\t<div class=\"elementor-widget-container\">\r\n\t\t\t\t\t\t\t<div class=\"elementor-gallery__container\">\r\n\t\t\t\t\t\t\t<a class=\"e-gallery-item elementor-gallery-item elementor-animated-content\" href=\"https:\/\/montanadeluzec.com\/wp-content\/uploads\/2021\/04\/jardin10.jpg\" data-elementor-open-lightbox=\"yes\" data-elementor-lightbox-slideshow=\"a028742\" data-elementor-lightbox-title=\"jardin10\" data-e-action-hash=\"#elementor-action%3Aaction%3Dlightbox%26settings%3DeyJpZCI6MjgwOCwidXJsIjoiaHR0cHM6XC9cL21vbnRhbmFkZWx1emVjLmNvbVwvd3AtY29udGVudFwvdXBsb2Fkc1wvMjAyMVwvMDRcL2phcmRpbjEwLmpwZyIsInNsaWRlc2hvdyI6ImEwMjg3NDIifQ%3D%3D\">\r\n\t\t\t\t\t<div class=\"e-gallery-image elementor-gallery-item__image\" data-thumbnail=\"https:\/\/montanadeluzec.com\/wp-content\/uploads\/2021\/04\/jardin10-200x300.jpg\" data-width=\"200\" data-height=\"300\" aria-label=\"\" role=\"img\" ><\/div>\r\n\t\t\t\t\t\t\t\t\t\t\t<div class=\"elementor-gallery-item__overlay\"><\/div>\r\n\t\t\t\t\t\t\t\t\t\t\t\t\t\t<\/a>\r\n\t\t\t\t\t\t\t<a class=\"e-gallery-item elementor-gallery-item elementor-animated-content\" href=\"https:\/\/montanadeluzec.com\/wp-content\/uploads\/2021\/04\/jardin11.jpg\" data-elementor-open-lightbox=\"yes\" data-elementor-lightbox-slideshow=\"a028742\" data-elementor-lightbox-title=\"jardin11\" data-e-action-hash=\"#elementor-action%3Aaction%3Dlightbox%26settings%3DeyJpZCI6Mjc5OCwidXJsIjoiaHR0cHM6XC9cL21vbnRhbmFkZWx1emVjLmNvbVwvd3AtY29udGVudFwvdXBsb2Fkc1wvMjAyMVwvMDRcL2phcmRpbjExLmpwZyIsInNsaWRlc2hvdyI6ImEwMjg3NDIifQ%3D%3D\">\r\n\t\t\t\t\t<div class=\"e-gallery-image elementor-gallery-item__image\" data-thumbnail=\"https:\/\/montanadeluzec.com\/wp-content\/uploads\/2021\/04\/jardin11-300x200.jpg\" data-width=\"300\" data-height=\"200\" aria-label=\"\" role=\"img\" ><\/div>\r\n\t\t\t\t\t\t\t\t\t\t\t<div class=\"elementor-gallery-item__overlay\"><\/div>\r\n\t\t\t\t\t\t\t\t\t\t\t\t\t\t<\/a>\r\n\t\t\t\t\t\t\t<a class=\"e-gallery-item elementor-gallery-item elementor-animated-content\" href=\"https:\/\/montanadeluzec.com\/wp-content\/uploads\/2021\/04\/jardin1.jpg\" data-elementor-open-lightbox=\"yes\" data-elementor-lightbox-slideshow=\"a028742\" data-elementor-lightbox-title=\"jardin1\" data-e-action-hash=\"#elementor-action%3Aaction%3Dlightbox%26settings%3DeyJpZCI6Mjc5OSwidXJsIjoiaHR0cHM6XC9cL21vbnRhbmFkZWx1emVjLmNvbVwvd3AtY29udGVudFwvdXBsb2Fkc1wvMjAyMVwvMDRcL2phcmRpbjEuanBnIiwic2xpZGVzaG93IjoiYTAyODc0MiJ9\">\r\n\t\t\t\t\t<div class=\"e-gallery-image elementor-gallery-item__image\" data-thumbnail=\"https:\/\/montanadeluzec.com\/wp-content\/uploads\/2021\/04\/jardin1-300x200.jpg\" data-width=\"300\" data-height=\"200\" aria-label=\"\" role=\"img\" ><\/div>\r\n\t\t\t\t\t\t\t\t\t\t\t<div class=\"elementor-gallery-item__overlay\"><\/div>\r\n\t\t\t\t\t\t\t\t\t\t\t\t\t\t<\/a>\r\n\t\t\t\t\t\t\t<a class=\"e-gallery-item elementor-gallery-item elementor-animated-content\" href=\"https:\/\/montanadeluzec.com\/wp-content\/uploads\/2021\/04\/jardin6.jpg\" data-elementor-open-lightbox=\"yes\" data-elementor-lightbox-slideshow=\"a028742\" data-elementor-lightbox-title=\"jardin6\" data-e-action-hash=\"#elementor-action%3Aaction%3Dlightbox%26settings%3DeyJpZCI6MjgwNCwidXJsIjoiaHR0cHM6XC9cL21vbnRhbmFkZWx1emVjLmNvbVwvd3AtY29udGVudFwvdXBsb2Fkc1wvMjAyMVwvMDRcL2phcmRpbjYuanBnIiwic2xpZGVzaG93IjoiYTAyODc0MiJ9\">\r\n\t\t\t\t\t<div class=\"e-gallery-image elementor-gallery-item__image\" data-thumbnail=\"https:\/\/montanadeluzec.com\/wp-content\/uploads\/2021\/04\/jardin6-200x300.jpg\" data-width=\"200\" data-height=\"300\" aria-label=\"\" role=\"img\" ><\/div>\r\n\t\t\t\t\t\t\t\t\t\t\t<div class=\"elementor-gallery-item__overlay\"><\/div>\r\n\t\t\t\t\t\t\t\t\t\t\t\t\t\t<\/a>\r\n\t\t\t\t\t\t\t<a class=\"e-gallery-item elementor-gallery-item elementor-animated-content\" href=\"https:\/\/montanadeluzec.com\/wp-content\/uploads\/2021\/04\/jardin5.jpg\" data-elementor-open-lightbox=\"yes\" data-elementor-lightbox-slideshow=\"a028742\" data-elementor-lightbox-title=\"jardin5\" data-e-action-hash=\"#elementor-action%3Aaction%3Dlightbox%26settings%3DeyJpZCI6MjgwMywidXJsIjoiaHR0cHM6XC9cL21vbnRhbmFkZWx1emVjLmNvbVwvd3AtY29udGVudFwvdXBsb2Fkc1wvMjAyMVwvMDRcL2phcmRpbjUuanBnIiwic2xpZGVzaG93IjoiYTAyODc0MiJ9\">\r\n\t\t\t\t\t<div class=\"e-gallery-image elementor-gallery-item__image\" data-thumbnail=\"https:\/\/montanadeluzec.com\/wp-content\/uploads\/2021\/04\/jardin5-200x300.jpg\" data-width=\"200\" data-height=\"300\" aria-label=\"\" role=\"img\" ><\/div>\r\n\t\t\t\t\t\t\t\t\t\t\t<div class=\"elementor-gallery-item__overlay\"><\/div>\r\n\t\t\t\t\t\t\t\t\t\t\t\t\t\t<\/a>\r\n\t\t\t\t\t\t\t<a class=\"e-gallery-item elementor-gallery-item elementor-animated-content\" href=\"https:\/\/montanadeluzec.com\/wp-content\/uploads\/2021\/04\/jardin4.jpg\" data-elementor-open-lightbox=\"yes\" data-elementor-lightbox-slideshow=\"a028742\" data-elementor-lightbox-title=\"jardin4\" data-e-action-hash=\"#elementor-action%3Aaction%3Dlightbox%26settings%3DeyJpZCI6MjgwMiwidXJsIjoiaHR0cHM6XC9cL21vbnRhbmFkZWx1emVjLmNvbVwvd3AtY29udGVudFwvdXBsb2Fkc1wvMjAyMVwvMDRcL2phcmRpbjQuanBnIiwic2xpZGVzaG93IjoiYTAyODc0MiJ9\">\r\n\t\t\t\t\t<div class=\"e-gallery-image elementor-gallery-item__image\" data-thumbnail=\"https:\/\/montanadeluzec.com\/wp-content\/uploads\/2021\/04\/jardin4-200x300.jpg\" data-width=\"200\" data-height=\"300\" aria-label=\"\" role=\"img\" ><\/div>\r\n\t\t\t\t\t\t\t\t\t\t\t<div class=\"elementor-gallery-item__overlay\"><\/div>\r\n\t\t\t\t\t\t\t\t\t\t\t\t\t\t<\/a>\r\n\t\t\t\t\t\t\t<a class=\"e-gallery-item elementor-gallery-item elementor-animated-content\" href=\"https:\/\/montanadeluzec.com\/wp-content\/uploads\/2021\/04\/jardin3.jpg\" data-elementor-open-lightbox=\"yes\" data-elementor-lightbox-slideshow=\"a028742\" data-elementor-lightbox-title=\"jardin3\" data-e-action-hash=\"#elementor-action%3Aaction%3Dlightbox%26settings%3DeyJpZCI6MjgwMSwidXJsIjoiaHR0cHM6XC9cL21vbnRhbmFkZWx1emVjLmNvbVwvd3AtY29udGVudFwvdXBsb2Fkc1wvMjAyMVwvMDRcL2phcmRpbjMuanBnIiwic2xpZGVzaG93IjoiYTAyODc0MiJ9\">\r\n\t\t\t\t\t<div class=\"e-gallery-image elementor-gallery-item__image\" data-thumbnail=\"https:\/\/montanadeluzec.com\/wp-content\/uploads\/2021\/04\/jardin3-200x300.jpg\" data-width=\"200\" data-height=\"300\" aria-label=\"\" role=\"img\" ><\/div>\r\n\t\t\t\t\t\t\t\t\t\t\t<div class=\"elementor-gallery-item__overlay\"><\/div>\r\n\t\t\t\t\t\t\t\t\t\t\t\t\t\t<\/a>\r\n\t\t\t\t\t\t\t<a class=\"e-gallery-item elementor-gallery-item elementor-animated-content\" href=\"https:\/\/montanadeluzec.com\/wp-content\/uploads\/2021\/04\/jardin2.jpg\" data-elementor-open-lightbox=\"yes\" data-elementor-lightbox-slideshow=\"a028742\" data-elementor-lightbox-title=\"jardin2\" data-e-action-hash=\"#elementor-action%3Aaction%3Dlightbox%26settings%3DeyJpZCI6MjgwMCwidXJsIjoiaHR0cHM6XC9cL21vbnRhbmFkZWx1emVjLmNvbVwvd3AtY29udGVudFwvdXBsb2Fkc1wvMjAyMVwvMDRcL2phcmRpbjIuanBnIiwic2xpZGVzaG93IjoiYTAyODc0MiJ9\">\r\n\t\t\t\t\t<div class=\"e-gallery-image elementor-gallery-item__image\" data-thumbnail=\"https:\/\/montanadeluzec.com\/wp-content\/uploads\/2021\/04\/jardin2-200x300.jpg\" data-width=\"200\" data-height=\"300\" aria-label=\"\" role=\"img\" ><\/div>\r\n\t\t\t\t\t\t\t\t\t\t\t<div class=\"elementor-gallery-item__overlay\"><\/div>\r\n\t\t\t\t\t\t\t\t\t\t\t\t\t\t<\/a>\r\n\t\t\t\t\t\t\t<a class=\"e-gallery-item elementor-gallery-item elementor-animated-content\" href=\"https:\/\/montanadeluzec.com\/wp-content\/uploads\/2021\/04\/jardin7.jpg\" data-elementor-open-lightbox=\"yes\" data-elementor-lightbox-slideshow=\"a028742\" data-elementor-lightbox-title=\"jardin7\" data-e-action-hash=\"#elementor-action%3Aaction%3Dlightbox%26settings%3DeyJpZCI6MjgwNSwidXJsIjoiaHR0cHM6XC9cL21vbnRhbmFkZWx1emVjLmNvbVwvd3AtY29udGVudFwvdXBsb2Fkc1wvMjAyMVwvMDRcL2phcmRpbjcuanBnIiwic2xpZGVzaG93IjoiYTAyODc0MiJ9\">\r\n\t\t\t\t\t<div class=\"e-gallery-image elementor-gallery-item__image\" data-thumbnail=\"https:\/\/montanadeluzec.com\/wp-content\/uploads\/2021\/04\/jardin7-200x300.jpg\" data-width=\"200\" data-height=\"300\" aria-label=\"\" role=\"img\" ><\/div>\r\n\t\t\t\t\t\t\t\t\t\t\t<div class=\"elementor-gallery-item__overlay\"><\/div>\r\n\t\t\t\t\t\t\t\t\t\t\t\t\t\t<\/a>\r\n\t\t\t\t\t\t\t<a class=\"e-gallery-item elementor-gallery-item elementor-animated-content\" href=\"https:\/\/montanadeluzec.com\/wp-content\/uploads\/2021\/04\/jardin8.jpg\" data-elementor-open-lightbox=\"yes\" data-elementor-lightbox-slideshow=\"a028742\" data-elementor-lightbox-title=\"jardin8\" data-e-action-hash=\"#elementor-action%3Aaction%3Dlightbox%26settings%3DeyJpZCI6MjgwNiwidXJsIjoiaHR0cHM6XC9cL21vbnRhbmFkZWx1emVjLmNvbVwvd3AtY29udGVudFwvdXBsb2Fkc1wvMjAyMVwvMDRcL2phcmRpbjguanBnIiwic2xpZGVzaG93IjoiYTAyODc0MiJ9\">\r\n\t\t\t\t\t<div class=\"e-gallery-image elementor-gallery-item__image\" data-thumbnail=\"https:\/\/montanadeluzec.com\/wp-content\/uploads\/2021\/04\/jardin8-300x200.jpg\" data-width=\"300\" data-height=\"200\" aria-label=\"\" role=\"img\" ><\/div>\r\n\t\t\t\t\t\t\t\t\t\t\t<div class=\"elementor-gallery-item__overlay\"><\/div>\r\n\t\t\t\t\t\t\t\t\t\t\t\t\t\t<\/a>\r\n\t\t\t\t\t\t\t<a class=\"e-gallery-item elementor-gallery-item elementor-animated-content\" href=\"https:\/\/montanadeluzec.com\/wp-content\/uploads\/2021\/04\/jardin9.jpg\" data-elementor-open-lightbox=\"yes\" data-elementor-lightbox-slideshow=\"a028742\" data-elementor-lightbox-title=\"jardin9\" data-e-action-hash=\"#elementor-action%3Aaction%3Dlightbox%26settings%3DeyJpZCI6MjgwNywidXJsIjoiaHR0cHM6XC9cL21vbnRhbmFkZWx1emVjLmNvbVwvd3AtY29udGVudFwvdXBsb2Fkc1wvMjAyMVwvMDRcL2phcmRpbjkuanBnIiwic2xpZGVzaG93IjoiYTAyODc0MiJ9\">\r\n\t\t\t\t\t<div class=\"e-gallery-image elementor-gallery-item__image\" data-thumbnail=\"https:\/\/montanadeluzec.com\/wp-content\/uploads\/2021\/04\/jardin9-300x200.jpg\" data-width=\"300\" data-height=\"200\" aria-label=\"\" role=\"img\" ><\/div>\r\n\t\t\t\t\t\t\t\t\t\t\t<div class=\"elementor-gallery-item__overlay\"><\/div>\r\n\t\t\t\t\t\t\t\t\t\t\t\t\t\t<\/a>\r\n\t\t\t\t\t<\/div>\r\n\t\t\t\t\t<\/div>\r\n\t\t\t\t<\/div>\r\n\t\t\t\t\t<\/div>\r\n\t\t<\/div>\r\n\t\t\t\t\t<\/div>\r\n\t\t<\/section>\r\n\t\t\t\t<section class=\"elementor-section elementor-top-section elementor-element elementor-element-561abc7 elementor-section-boxed elementor-section-height-default elementor-section-height-default\" data-id=\"561abc7\" data-element_type=\"section\">\r\n\t\t\t\t\t\t<div class=\"elementor-container elementor-column-gap-default\">\r\n\t\t\t\t\t<div class=\"elementor-column elementor-col-100 elementor-top-column elementor-element elementor-element-6b3ff09\" data-id=\"6b3ff09\" data-element_type=\"column\">\r\n\t\t\t<div class=\"elementor-widget-wrap elementor-element-populated\">\r\n\t\t\t\t\t\t<div class=\"elementor-element elementor-element-91838bc elementor-widget elementor-widget-text-editor\" data-id=\"91838bc\" data-element_type=\"widget\" data-widget_type=\"text-editor.default\">\r\n\t\t\t\t<div class=\"elementor-widget-container\">\r\n\t\t\t\t\t\t\t\t\t<p><strong>Horario de Atenci\u00f3n<\/strong><\/p><p><span style=\"color: #008000;\"><strong>8:00 &#8211; 16:00<\/strong><\/span><\/p><p><strong>Visitas guiadas<\/strong><\/p><p><span style=\"color: #008000;\"><strong>Lunes a Domingo de 9:00 &#8211; 15:00<\/strong><\/span><\/p><p>1.- Jard\u00edn de Olivos: Alrededor de la Caba\u00f1a del gallo existe un colorido jard\u00edn con 40 tipos de flores diversas, 34 variedades de plantas ornamentales y frutales (donde destacan 9 variedades de palmeras ex\u00f3ticas), y el Olivo que da nombre a este espacio.<\/p><p>2.- Jard\u00edn Zen: Junto al restaurante, de un \u00abbuda sonriente\u00bb nace un arroyo que divide el espacio sin separarlo ya que 4 puentes lo mantienen unido. En lo alto destacan araucarias, cipreses y palmeras; mientras que a media altura, 28 especies de flores colorean el espacio.<\/p><p>3.- Jard\u00edn San Francisco. Un colorido sendero de buganvillas nos conduce al espacio que rinde homenaje al protector de la ecolog\u00eda y la fraternidad universal. M\u00faltiples variedades de cipreses son solo el comienzo de una gran \u00e1rea decorada con los colores de 60 especies de exuberante follaje y flores.<\/p><p>4.- Orquideario San Sebasti\u00e1n. Hogar de una colecci\u00f3n de orqu\u00eddeas silvestres en su mayor\u00eda, de unas 30 especies de colores, formas y aromas que cautiva al visitante. Junto a ellas, sus fieles compa\u00f1eras: hojas de encaje y bromelias.<\/p><p>5.- Jard\u00edn del Desierto. Un oasis decorado con 70 variedades de plantas que resisten la sequ\u00eda, entre las que destacan cactus, san pedro, agave, ceiba y molle.<\/p>\t\t\t\t\t\t\t\t<\/div>\r\n\t\t\t\t<\/div>\r\n\t\t\t\t\t<\/div>\r\n\t\t<\/div>\r\n\t\t\t\t\t<\/div>\r\n\t\t<\/section>\r\n\t\t\t\t<\/div>\r\n\t\t","protected":false},"excerpt":{"rendered":"<p>Jard\u00edn Bot\u00e1nico: refugio de Vida Silvestre En tiempos de calentamiento global, desertificaci\u00f3n, y alta contaminaci\u00f3n ambiental, el proyecto Monta\u00f1a de Luz emerge como un faro, una gu\u00eda en el camino: una propuesta de forestaci\u00f3n y reforestaci\u00f3n de aproximadamente 40 hect\u00e1reas. El \u00a0cultivo org\u00e1nico en 13 de ellas, distribuidas en bellos jardines tem\u00e1ticos, as\u00ed como en [&hellip;]<\/p>\n","protected":false},"author":2,"featured_media":0,"parent":0,"menu_order":0,"comment_status":"closed","ping_status":"closed","template":"","meta":{"ocean_post_layout":"full-width","ocean_both_sidebars_style":"","ocean_both_sidebars_content_width":0,"ocean_both_sidebars_sidebars_width":0,"ocean_sidebar":"0","ocean_second_sidebar":"0","ocean_disable_margins":"enable","ocean_add_body_class":"","ocean_shortcode_before_top_bar":"","ocean_shortcode_after_top_bar":"","ocean_shortcode_before_header":"","ocean_shortcode_after_header":"","ocean_has_shortcode":"","ocean_shortcode_after_title":"","ocean_shortcode_before_footer_widgets":"","ocean_shortcode_after_footer_widgets":"","ocean_shortcode_before_footer_bottom":"","ocean_shortcode_after_footer_bottom":"","ocean_display_top_bar":"default","ocean_display_header":"default","ocean_header_style":"","ocean_center_header_left_menu":"0","ocean_custom_header_template":"0","ocean_custom_logo":0,"ocean_custom_retina_logo":0,"ocean_custom_logo_max_width":0,"ocean_custom_logo_tablet_max_width":0,"ocean_custom_logo_mobile_max_width":0,"ocean_custom_logo_max_height":0,"ocean_custom_logo_tablet_max_height":0,"ocean_custom_logo_mobile_max_height":0,"ocean_header_custom_menu":"0","ocean_menu_typo_font_family":"0","ocean_menu_typo_font_subset":"","ocean_menu_typo_font_size":0,"ocean_menu_typo_font_size_tablet":0,"ocean_menu_typo_font_size_mobile":0,"ocean_menu_typo_font_size_unit":"px","ocean_menu_typo_font_weight":"","ocean_menu_typo_font_weight_tablet":"","ocean_menu_typo_font_weight_mobile":"","ocean_menu_typo_transform":"","ocean_menu_typo_transform_tablet":"","ocean_menu_typo_transform_mobile":"","ocean_menu_typo_line_height":0,"ocean_menu_typo_line_height_tablet":0,"ocean_menu_typo_line_height_mobile":0,"ocean_menu_typo_line_height_unit":"","ocean_menu_typo_spacing":0,"ocean_menu_typo_spacing_tablet":0,"ocean_menu_typo_spacing_mobile":0,"ocean_menu_typo_spacing_unit":"","ocean_menu_link_color":"","ocean_menu_link_color_hover":"","ocean_menu_link_color_active":"","ocean_menu_link_background":"","ocean_menu_link_hover_background":"","ocean_menu_link_active_background":"","ocean_menu_social_links_bg":"","ocean_menu_social_hover_links_bg":"","ocean_menu_social_links_color":"","ocean_menu_social_hover_links_color":"","ocean_disable_title":"default","ocean_disable_heading":"default","ocean_post_title":"","ocean_post_subheading":"","ocean_post_title_style":"background-image","ocean_post_title_background_color":"","ocean_post_title_background":2733,"ocean_post_title_bg_image_position":"","ocean_post_title_bg_image_attachment":"","ocean_post_title_bg_image_repeat":"","ocean_post_title_bg_image_size":"","ocean_post_title_height":0,"ocean_post_title_bg_overlay":0.5,"ocean_post_title_bg_overlay_color":"","ocean_disable_breadcrumbs":"default","ocean_breadcrumbs_color":"","ocean_breadcrumbs_separator_color":"","ocean_breadcrumbs_links_color":"","ocean_breadcrumbs_links_hover_color":"","ocean_display_footer_widgets":"default","ocean_display_footer_bottom":"default","ocean_custom_footer_template":"0","_joinchat":[],"footnotes":""},"class_list":["post-2887","page","type-page","status-publish","hentry","entry"],"_links":{"self":[{"href":"https:\/\/montanadeluzec.com\/index.php?rest_route=\/wp\/v2\/pages\/2887","targetHints":{"allow":["GET"]}}],"collection":[{"href":"https:\/\/montanadeluzec.com\/index.php?rest_route=\/wp\/v2\/pages"}],"about":[{"href":"https:\/\/montanadeluzec.com\/index.php?rest_route=\/wp\/v2\/types\/page"}],"author":[{"embeddable":true,"href":"https:\/\/montanadeluzec.com\/index.php?rest_route=\/wp\/v2\/users\/2"}],"replies":[{"embeddable":true,"href":"https:\/\/montanadeluzec.com\/index.php?rest_route=%2Fwp%2Fv2%2Fcomments&post=2887"}],"version-history":[{"count":19,"href":"https:\/\/montanadeluzec.com\/index.php?rest_route=\/wp\/v2\/pages\/2887\/revisions"}],"predecessor-version":[{"id":3431,"href":"https:\/\/montanadeluzec.com\/index.php?rest_route=\/wp\/v2\/pages\/2887\/revisions\/3431"}],"wp:attachment":[{"href":"https:\/\/montanadeluzec.com\/index.php?rest_route=%2Fwp%2Fv2%2Fmedia&parent=2887"}],"curies":[{"name":"wp","href":"https:\/\/api.w.org\/{rel}","templated":true}]}}